{"id":1539,"date":"2022-08-27T06:41:32","date_gmt":"2022-08-27T06:41:32","guid":{"rendered":"https:\/\/wordpress.iqonic.design\/product\/wp\/kidsjoy\/?page_id=1539"},"modified":"2026-02-10T15:27:12","modified_gmt":"2026-02-10T12:27:12","slug":"iletisim","status":"publish","type":"page","link":"https:\/\/ozelbucurukanaokulu.com\/index.php\/iletisim\/","title":{"rendered":"\u0130leti\u015fim"},"content":{"rendered":"\t\t<div data-elementor-type=\"wp-page\" data-elementor-id=\"1539\" class=\"elementor elementor-1539\">\n\t\t\t\t\t\t<div class=\"elementor-section elementor-top-section elementor-element elementor-element-554dc56 elementor-section-stretched elementor-section-boxed elementor-section-height-default elementor-section-height-default\" data-id=\"554dc56\" data-element_type=\"section\" data-e-type=\"section\" data-settings=\"{&quot;stretch_section&quot;:&quot;section-stretched&quot;}\">\n\t\t\t\t\t\t<div class=\"elementor-container elementor-column-gap-default\">\n\t\t\t\t\t<div class=\"elementor-column elementor-col-100 elementor-top-column elementor-element elementor-element-475f597\" data-id=\"475f597\" data-element_type=\"column\" data-e-type=\"column\">\n\t\t\t<div class=\"elementor-widget-wrap elementor-element-populated\">\n\t\t\t\t\t\t<div class=\"elementor-section elementor-inner-section elementor-element elementor-element-89a0e45 elementor-section-boxed elementor-section-height-default elementor-section-height-default\" data-id=\"89a0e45\" data-element_type=\"section\" data-e-type=\"section\">\n\t\t\t\t\t\t<div class=\"elementor-container elementor-column-gap-default\">\n\t\t\t\t\t<div class=\"elementor-column elementor-col-33 elementor-inner-column elementor-element elementor-element-776f9c2\" data-id=\"776f9c2\" data-element_type=\"column\" data-e-type=\"column\">\n\t\t\t<div class=\"elementor-widget-wrap elementor-element-populated\">\n\t\t\t\t\t\t<div class=\"hf-elementor-layout elementor-element elementor-element-dad8984 elementor-position-left elementor-vertical-align-top elementor-widget elementor-widget-image-box\" data-id=\"dad8984\" data-element_type=\"widget\" data-e-type=\"widget\" data-widget_type=\"image-box.default\">\n\t\t\t\t\t<div class=\"elementor-image-box-wrapper\"><figure class=\"elementor-image-box-img\"><img decoding=\"async\" src=\"https:\/\/ozelbucurukanaokulu.com\/wp-content\/uploads\/2022\/09\/contact-location.webp\" title=\"contact-location\" alt=\"img\" loading=\"lazy\" \/><\/figure><div class=\"elementor-image-box-content\"><h4 class=\"elementor-image-box-title\">Adresimiz<\/h4><p class=\"elementor-image-box-description\">Pir pa\u015fa mahallesi Tur\u015fucu H\u00fcseyin Sokak no.10 Beyo\u011flu<\/p><\/div><\/div>\t\t\t\t<\/div>\n\t\t\t\t\t<\/div>\n\t\t<\/div>\n\t\t\t\t<div class=\"elementor-column elementor-col-33 elementor-inner-column elementor-element elementor-element-33dc98f\" data-id=\"33dc98f\" data-element_type=\"column\" data-e-type=\"column\">\n\t\t\t<div class=\"elementor-widget-wrap elementor-element-populated\">\n\t\t\t\t\t\t<div class=\"hf-elementor-layout elementor-element elementor-element-86b0fb2 elementor-position-left elementor-vertical-align-top elementor-widget elementor-widget-image-box\" data-id=\"86b0fb2\" data-element_type=\"widget\" data-e-type=\"widget\" data-widget_type=\"image-box.default\">\n\t\t\t\t\t<div class=\"elementor-image-box-wrapper\"><figure class=\"elementor-image-box-img\"><img decoding=\"async\" src=\"https:\/\/ozelbucurukanaokulu.com\/wp-content\/uploads\/2022\/09\/contact.webp\" title=\"contact\" alt=\"contact\" loading=\"lazy\" \/><\/figure><div class=\"elementor-image-box-content\"><h4 class=\"elementor-image-box-title\">Telefon Numaralar\u0131m\u0131z<\/h4><p class=\"elementor-image-box-description\"><span class=\"me-2\" style=\"color: var(--global-font-title);font-weight: 500\">Tel1: <\/span>  +0212 237 81 10<br>\n<span class=\"me-2\" style=\"color: var(--global-font-title);font-weight: 500\">Tel2 : \n<\/span>  +90 536 826 04 70<\/p><\/div><\/div>\t\t\t\t<\/div>\n\t\t\t\t\t<\/div>\n\t\t<\/div>\n\t\t\t\t<div class=\"elementor-column elementor-col-33 elementor-inner-column elementor-element elementor-element-ee25220\" data-id=\"ee25220\" data-element_type=\"column\" data-e-type=\"column\">\n\t\t\t<div class=\"elementor-widget-wrap elementor-element-populated\">\n\t\t\t\t\t\t<div class=\"hf-elementor-layout elementor-element elementor-element-58069d6 elementor-position-left elementor-vertical-align-top elementor-widget elementor-widget-image-box\" data-id=\"58069d6\" data-element_type=\"widget\" data-e-type=\"widget\" data-widget_type=\"image-box.default\">\n\t\t\t\t\t<div class=\"elementor-image-box-wrapper\"><figure class=\"elementor-image-box-img\"><img decoding=\"async\" src=\"https:\/\/ozelbucurukanaokulu.com\/wp-content\/uploads\/2022\/09\/mail.webp\" title=\"mail\" alt=\"img\" loading=\"lazy\" \/><\/figure><div class=\"elementor-image-box-content\"><h4 class=\"elementor-image-box-title\">E-posta Adresimiz<\/h4><p class=\"elementor-image-box-description\"><span class=\"me-2\" style=\"color: var(--global-font-title);font-weight: 500\"><\/span>  info@bucurukanakolu.com<br>\n<\/p><\/div><\/div>\t\t\t\t<\/div>\n\t\t\t\t\t<\/div>\n\t\t<\/div>\n\t\t\t\t\t<\/div>\n\t\t<\/div>\n\t\t\t\t\t<\/div>\n\t\t<\/div>\n\t\t\t\t\t<\/div>\n\t\t<\/div>\n\t\t\t\t<div class=\"elementor-section elementor-top-section elementor-element elementor-element-97b7898 elementor-section-full_width elementor-section-stretched elementor-section-height-default elementor-section-height-default\" data-id=\"97b7898\" data-element_type=\"section\" data-e-type=\"section\" data-settings=\"{&quot;stretch_section&quot;:&quot;section-stretched&quot;,&quot;background_background&quot;:&quot;classic&quot;}\">\n\t\t\t\t\t\t<div class=\"elementor-container elementor-column-gap-default\">\n\t\t\t\t\t<div class=\"elementor-column elementor-col-100 elementor-top-column elementor-element elementor-element-d0a34f2\" data-id=\"d0a34f2\" data-element_type=\"column\" data-e-type=\"column\">\n\t\t\t<div class=\"elementor-widget-wrap elementor-element-populated\">\n\t\t\t\t\t\t<div class=\"elementor-section elementor-inner-section elementor-element elementor-element-be76e92 elementor-section-boxed elementor-section-height-default elementor-section-height-default\" data-id=\"be76e92\" data-element_type=\"section\" data-e-type=\"section\">\n\t\t\t\t\t\t<div class=\"elementor-container elementor-column-gap-default\">\n\t\t\t\t\t<div class=\"elementor-column elementor-col-50 elementor-inner-column elementor-element elementor-element-9888680\" data-id=\"9888680\" data-element_type=\"column\" data-e-type=\"column\">\n\t\t\t<div class=\"elementor-widget-wrap elementor-element-populated\">\n\t\t\t\t\t\t<div class=\"hf-elementor-layout elementor-element elementor-element-a613efb elementor-widget elementor-widget-iqonic_title\" data-id=\"a613efb\" data-element_type=\"widget\" data-e-type=\"widget\" data-widget_type=\"iqonic_title.default\">\n\t\t\t\t<div class=\"elementor-widget-container\">\n\t\t\t\t\t\n<div class=\"left kidsjoy_style-title-box\">\n\t\n           <div class=\"kidsjoy_style-subtitle\"> \n\t\t\t\t\t\t\t\t\t\n\t\t\t\t\tBizimle \u0130leti\u015fime Ge\u00e7in\t\t   <\/div>  \n\t\t\t  \t\t\t<h2 class=\"kidsjoy_style-title kidsjoy_style-heading-title\">\n\t\t\t\tAkl\u0131n\u0131za Tak\u0131lan Bir sorumu var\t\t\t<\/h2>\n\t\t<\/div> \n\t\t\t\t<\/div>\n\t\t\t\t<\/div>\n\t\t\t\t<div class=\"hf-elementor-layout elementor-element elementor-element-2c42d74 elementor-widget elementor-widget-shortcode\" data-id=\"2c42d74\" data-element_type=\"widget\" data-e-type=\"widget\" data-widget_type=\"shortcode.default\">\n\t\t\t\t\t\t\t<div class=\"elementor-shortcode\">\n<div class=\"wpcf7 no-js\" id=\"wpcf7-f8-o1\" lang=\"en-US\" dir=\"ltr\" data-wpcf7-id=\"8\">\n<div class=\"screen-reader-response\"><p role=\"status\" aria-live=\"polite\" aria-atomic=\"true\"><\/p> <ul><\/ul><\/div>\n<form action=\"\/index.php\/wp-json\/wp\/v2\/pages\/1539#wpcf7-f8-o1\" method=\"post\" class=\"wpcf7-form init\" aria-label=\"Contact form\" novalidate=\"novalidate\" data-status=\"init\">\n<fieldset class=\"hidden-fields-container\"><input type=\"hidden\" name=\"_wpcf7\" value=\"8\" \/><input type=\"hidden\" name=\"_wpcf7_version\" value=\"6.1.5\" \/><input type=\"hidden\" name=\"_wpcf7_locale\" value=\"en_US\" \/><input type=\"hidden\" name=\"_wpcf7_unit_tag\" value=\"wpcf7-f8-o1\" \/><input type=\"hidden\" name=\"_wpcf7_container_post\" value=\"0\" \/><input type=\"hidden\" name=\"_wpcf7_posted_data_hash\" value=\"\" \/>\n<\/fieldset>\n<p><label> Ad Soyad\u0131n\u0131z<br \/>\n<span class=\"wpcf7-form-control-wrap\" data-name=\"adiniz-soyadiniz\"><input size=\"40\" maxlength=\"400\" class=\"wpcf7-form-control wpcf7-text wpcf7-validates-as-required\" autocomplete=\"name\" aria-required=\"true\" aria-invalid=\"false\" value=\"\" type=\"text\" name=\"adiniz-soyadiniz\" \/><\/span><br \/>\n<\/label>\n<\/p>\n<p><label> E-posta Adresiniz<br \/>\n<span class=\"wpcf7-form-control-wrap\" data-name=\"eposta-adresiniz\"><input size=\"40\" maxlength=\"400\" class=\"wpcf7-form-control wpcf7-email wpcf7-validates-as-required wpcf7-text wpcf7-validates-as-email\" autocomplete=\"email\" aria-required=\"true\" aria-invalid=\"false\" value=\"\" type=\"email\" name=\"eposta-adresiniz\" \/><\/span><br \/>\n<\/label>\n<\/p>\n<p><label> Konu<br \/>\n<span class=\"wpcf7-form-control-wrap\" data-name=\"konu\"><input size=\"40\" maxlength=\"400\" class=\"wpcf7-form-control wpcf7-text wpcf7-validates-as-required\" aria-required=\"true\" aria-invalid=\"false\" value=\"\" type=\"text\" name=\"konu\" \/><\/span><br \/>\n<\/label>\n<\/p>\n<p><label> Mesaj\u0131n\u0131z<br \/>\n<span class=\"wpcf7-form-control-wrap\" data-name=\"mesajiniz\"><textarea cols=\"40\" rows=\"10\" maxlength=\"2000\" class=\"wpcf7-form-control wpcf7-textarea\" aria-invalid=\"false\" name=\"mesajiniz\"><\/textarea><\/span><br \/>\n<\/label>\n<\/p>\n<p><input class=\"wpcf7-form-control wpcf7-submit has-spinner\" type=\"submit\" value=\"G\u00f6nder\" \/>\n<\/p><div class=\"wpcf7-response-output\" aria-hidden=\"true\"><\/div>\n<\/form>\n<\/div>\n<\/div>\n\t\t\t\t\t\t<\/div>\n\t\t\t\t\t<\/div>\n\t\t<\/div>\n\t\t\t\t<div class=\"elementor-column elementor-col-50 elementor-inner-column elementor-element elementor-element-090e37f\" data-id=\"090e37f\" data-element_type=\"column\" data-e-type=\"column\">\n\t\t\t<div class=\"elementor-widget-wrap elementor-element-populated\">\n\t\t\t\t\t\t<div class=\"hf-elementor-layout elementor-element elementor-element-eb0901f elementor-widget elementor-widget-google_maps\" data-id=\"eb0901f\" data-element_type=\"widget\" data-e-type=\"widget\" data-widget_type=\"google_maps.default\">\n\t\t\t\t\t\t\t<div class=\"elementor-custom-embed\">\n\t\t\t<iframe loading=\"lazy\"\n\t\t\t\t\tsrc=\"https:\/\/maps.google.com\/maps?q=Ke%C3%A7eci%20Piri%20Mahallesi%20Aynal%C4%B1%20Kavak%20Caddesi%2C%20Ke%C3%A7eci%20Piri%2C%20Aziz%20Sk.%20No%3A28%2C%2034445%20Beyo%C4%9Flu%2F%C4%B0stanbu&#038;t=m&#038;z=17&#038;output=embed&#038;iwloc=near\"\n\t\t\t\t\ttitle=\"Ke\u00e7eci Piri Mahallesi Aynal\u0131 Kavak Caddesi, Ke\u00e7eci Piri, Aziz Sk. No:28, 34445 Beyo\u011flu\/\u0130stanbu\"\n\t\t\t\t\taria-label=\"Ke\u00e7eci Piri Mahallesi Aynal\u0131 Kavak Caddesi, Ke\u00e7eci Piri, Aziz Sk. No:28, 34445 Beyo\u011flu\/\u0130stanbu\"\n\t\t\t><\/iframe>\n\t\t<\/div>\n\t\t\t\t\t\t<\/div>\n\t\t\t\t\t<\/div>\n\t\t<\/div>\n\t\t\t\t\t<\/div>\n\t\t<\/div>\n\t\t\t\t\t<\/div>\n\t\t<\/div>\n\t\t\t\t\t<\/div>\n\t\t<\/div>\n\t\t\t\t<\/div>\n\t\t","protected":false},"excerpt":{"rendered":"<p>Adresimiz Pir pa\u015fa mahallesi Tur\u015fucu H\u00fcseyin Sokak no.10 Beyo\u011flu Telefon Numaralar\u0131m\u0131z Tel1: +0212 237 81 10 Tel2 : +90 536 [&hellip;]<\/p>\n","protected":false},"author":1,"featured_media":0,"parent":0,"menu_order":0,"comment_status":"closed","ping_status":"closed","template":"","meta":{"_acf_changed":false,"footnotes":""},"class_list":["post-1539","page","type-page","status-publish","hentry","course-box"],"acf":[],"_links":{"self":[{"href":"https:\/\/ozelbucurukanaokulu.com\/index.php\/wp-json\/wp\/v2\/pages\/1539","targetHints":{"allow":["GET"]}}],"collection":[{"href":"https:\/\/ozelbucurukanaokulu.com\/index.php\/wp-json\/wp\/v2\/pages"}],"about":[{"href":"https:\/\/ozelbucurukanaokulu.com\/index.php\/wp-json\/wp\/v2\/types\/page"}],"author":[{"embeddable":true,"href":"https:\/\/ozelbucurukanaokulu.com\/index.php\/wp-json\/wp\/v2\/users\/1"}],"replies":[{"embeddable":true,"href":"https:\/\/ozelbucurukanaokulu.com\/index.php\/wp-json\/wp\/v2\/comments?post=1539"}],"version-history":[{"count":12,"href":"https:\/\/ozelbucurukanaokulu.com\/index.php\/wp-json\/wp\/v2\/pages\/1539\/revisions"}],"predecessor-version":[{"id":22401,"href":"https:\/\/ozelbucurukanaokulu.com\/index.php\/wp-json\/wp\/v2\/pages\/1539\/revisions\/22401"}],"wp:attachment":[{"href":"https:\/\/ozelbucurukanaokulu.com\/index.php\/wp-json\/wp\/v2\/media?parent=1539"}],"curies":[{"name":"wp","href":"https:\/\/api.w.org\/{rel}","templated":true}]}}