{"id":16222,"date":"2022-09-13T10:37:20","date_gmt":"2022-09-13T10:37:20","guid":{"rendered":"https:\/\/wordpress.iqonic.design\/product\/wp\/kidsjoy\/?page_id=16222"},"modified":"2026-02-10T12:54:50","modified_gmt":"2026-02-10T09:54:50","slug":"service","status":"publish","type":"page","link":"https:\/\/ozelbucurukanaokulu.com\/index.php\/service\/","title":{"rendered":"Programlar\u0131m\u0131z"},"content":{"rendered":"\t\t<div data-elementor-type=\"wp-page\" data-elementor-id=\"16222\" class=\"elementor elementor-16222\">\n\t\t\t\t\t\t<div class=\"elementor-section elementor-top-section elementor-element elementor-element-fd5798f elementor-section-stretched elementor-section-boxed elementor-section-height-default elementor-section-height-default\" data-id=\"fd5798f\" data-element_type=\"section\" data-e-type=\"section\" data-settings=\"{&quot;stretch_section&quot;:&quot;section-stretched&quot;}\">\n\t\t\t\t\t\t<div class=\"elementor-container elementor-column-gap-default\">\n\t\t\t\t\t<div class=\"elementor-column elementor-col-100 elementor-top-column elementor-element elementor-element-a47b7fb\" data-id=\"a47b7fb\" data-element_type=\"column\" data-e-type=\"column\">\n\t\t\t<div class=\"elementor-widget-wrap elementor-element-populated\">\n\t\t\t\t\t\t<div class=\"hf-elementor-layout elementor-element elementor-element-d7183fc elementor-widget elementor-widget-iqonic_ServiceBox\" data-id=\"d7183fc\" data-element_type=\"widget\" data-e-type=\"widget\" data-widget_type=\"iqonic_ServiceBox.default\">\n\t\t\t\t<div class=\"elementor-widget-container\">\n\t\t\t\t\t        \n            <div class=\"kidsjoy_style-service-style-grid\">\n                <div class=\"row\">\n                                                <div class=\"col-lg-4 col-md-6\">\n                                \n                                <div class=\"kidsjoy_style-service-blog  kidsjoy_style-bg-primary-light\">\n                                                                            <div class=\"service-icon-box-one\">\n                                                                                            <img decoding=\"async\" src=\"https:\/\/ozelbucurukanaokulu.com\/wp-content\/uploads\/2022\/09\/sbox1.webp\" alt=\"image\" \/>\n                                                                                    <\/div>\n                                    <!-- team back image -->\n                                    <div class=\"kidsjoy_style-service-info\">\n                                        <div class=\"kidsjoy_style-service-main-detail\">\n                                            <h4 class=\"kidsjoy_style-service-text kidsjoy_style-heading-title\">\n                                                Sanat &#038; Yarat\u0131c\u0131l\u0131k At\u00f6lyeleri                                            <\/h4>\n\n                                                                                            <p class=\"kidsjoy_style-description\">Resim, m\u00fczik, drama ve el sanatlar\u0131 \u00e7al\u0131\u015fmalar\u0131yla \u00e7ocuklar\u0131n hayal g\u00fcc\u00fcn\u00fc, \u00fcretkenli\u011fini ve kendini ifade etme becerilerini geli\u015ftirir.<\/p>\n                                            \n<div class=\"kidsjoy_style-button-container 1\">\n    <a href=\"https:\/\/ozelbucurukanaokulu.com\/index.php\/service\/sanat-yaraticilik-atolyeleri\/\" class=\"kidsjoy_style-button kidsjoy_style-button-link\"> \n            <span class=\"text-btn\">Daha Fazlas\u0131 <\/span>    <\/a>\n<\/div>                                        <\/div>\n                                    <\/div>\n\n                                                                                                                        <img decoding=\"async\" class=\"service-pattern-image\" src=\"https:\/\/ozelbucurukanaokulu.com\/wp-content\/uploads\/2022\/09\/AA.png\" alt=\"image\" \/>\n                                                                                                            <\/div>\n                            <\/div>                             <div class=\"col-lg-4 col-md-6\">\n                                \n                                <div class=\"kidsjoy_style-service-blog  kidsjoy_style-bg-secondary-light\">\n                                                                            <div class=\"service-icon-box-one\">\n                                                                                            <img decoding=\"async\" src=\"https:\/\/ozelbucurukanaokulu.com\/wp-content\/uploads\/2022\/09\/sbox2.webp\" alt=\"image\" \/>\n                                                                                    <\/div>\n                                    <!-- team back image -->\n                                    <div class=\"kidsjoy_style-service-info\">\n                                        <div class=\"kidsjoy_style-service-main-detail\">\n                                            <h4 class=\"kidsjoy_style-service-text kidsjoy_style-heading-title\">\n                                                Okula Haz\u0131rl\u0131k Program\u0131                                            <\/h4>\n\n                                                                                            <p class=\"kidsjoy_style-description\">Temel okuma-yazma, matematik ve problem \u00e7\u00f6zme becerilerini e\u011flenceli aktivitelerle kazand\u0131rarak \u00e7ocuklar\u0131 ilkokula akademik ve sosyal a\u00e7\u0131dan haz\u0131rlar.<\/p>\n                                            \n<div class=\"kidsjoy_style-button-container 1\">\n    <a href=\"https:\/\/ozelbucurukanaokulu.com\/index.php\/service\/okula-hazirlik-programi\/\" class=\"kidsjoy_style-button kidsjoy_style-button-link\"> \n            <span class=\"text-btn\">Daha Fazlas\u0131 <\/span>    <\/a>\n<\/div>                                        <\/div>\n                                    <\/div>\n\n                                                                                                                        <img decoding=\"async\" class=\"service-pattern-image\" src=\"https:\/\/ozelbucurukanaokulu.com\/wp-content\/uploads\/2022\/08\/Bb.png\" alt=\"image\" \/>\n                                                                                                            <\/div>\n                            <\/div>                             <div class=\"col-lg-4 col-md-6\">\n                                \n                                <div class=\"kidsjoy_style-service-blog  kidsjoy_style-bg-yellow-light\">\n                                                                            <div class=\"service-icon-box-one\">\n                                                                                            <img decoding=\"async\" src=\"https:\/\/ozelbucurukanaokulu.com\/wp-content\/uploads\/2022\/08\/3.webp\" alt=\"image\" \/>\n                                                                                    <\/div>\n                                    <!-- team back image -->\n                                    <div class=\"kidsjoy_style-service-info\">\n                                        <div class=\"kidsjoy_style-service-main-detail\">\n                                            <h4 class=\"kidsjoy_style-service-text kidsjoy_style-heading-title\">\n                                                Oyun Grubu &#038; Erken \u00c7ocukluk E\u011fitim Program\u0131                                            <\/h4>\n\n                                                                                            <p class=\"kidsjoy_style-description\">Oyun temelli etkinliklerle \u00e7ocuklar\u0131n sosyal, duygusal ve motor geli\u015fimlerini destekleyen; ke\u015ffederek \u00f6\u011frenmelerini sa\u011flayan g\u00fcvenli ve sevgi dolu bir ba\u015flang\u0131\u00e7 program\u0131.<\/p>\n                                            \n<div class=\"kidsjoy_style-button-container 1\">\n    <a href=\"https:\/\/ozelbucurukanaokulu.com\/index.php\/service\/oyun-grubu-erken-cocukluk-egitim-programi\/\" class=\"kidsjoy_style-button kidsjoy_style-button-link\"> \n            <span class=\"text-btn\">Daha Fazlas\u0131 <\/span>    <\/a>\n<\/div>                                        <\/div>\n                                    <\/div>\n\n                                                                                                                        <img decoding=\"async\" class=\"service-pattern-image\" src=\"https:\/\/ozelbucurukanaokulu.com\/wp-content\/uploads\/2022\/08\/Cc.png\" alt=\"image\" \/>\n                                                                                                            <\/div>\n                            <\/div>                 <\/div>\n                <\/div>\n            \t\t\t\t<\/div>\n\t\t\t\t<\/div>\n\t\t\t\t\t<\/div>\n\t\t<\/div>\n\t\t\t\t\t<\/div>\n\t\t<\/div>\n\t\t\t\t<\/div>\n\t\t","protected":false},"excerpt":{"rendered":"<p>Sanat &#038; Yarat\u0131c\u0131l\u0131k At\u00f6lyeleri Resim, m\u00fczik, drama ve el sanatlar\u0131 \u00e7al\u0131\u015fmalar\u0131yla \u00e7ocuklar\u0131n hayal g\u00fcc\u00fcn\u00fc, \u00fcretkenli\u011fini ve kendini ifade etme becerilerini [&hellip;]<\/p>\n","protected":false},"author":1,"featured_media":0,"parent":0,"menu_order":0,"comment_status":"closed","ping_status":"closed","template":"","meta":{"_acf_changed":false,"footnotes":""},"class_list":["post-16222","page","type-page","status-publish","hentry","course-box"],"acf":[],"_links":{"self":[{"href":"https:\/\/ozelbucurukanaokulu.com\/index.php\/wp-json\/wp\/v2\/pages\/16222","targetHints":{"allow":["GET"]}}],"collection":[{"href":"https:\/\/ozelbucurukanaokulu.com\/index.php\/wp-json\/wp\/v2\/pages"}],"about":[{"href":"https:\/\/ozelbucurukanaokulu.com\/index.php\/wp-json\/wp\/v2\/types\/page"}],"author":[{"embeddable":true,"href":"https:\/\/ozelbucurukanaokulu.com\/index.php\/wp-json\/wp\/v2\/users\/1"}],"replies":[{"embeddable":true,"href":"https:\/\/ozelbucurukanaokulu.com\/index.php\/wp-json\/wp\/v2\/comments?post=16222"}],"version-history":[{"count":6,"href":"https:\/\/ozelbucurukanaokulu.com\/index.php\/wp-json\/wp\/v2\/pages\/16222\/revisions"}],"predecessor-version":[{"id":22302,"href":"https:\/\/ozelbucurukanaokulu.com\/index.php\/wp-json\/wp\/v2\/pages\/16222\/revisions\/22302"}],"wp:attachment":[{"href":"https:\/\/ozelbucurukanaokulu.com\/index.php\/wp-json\/wp\/v2\/media?parent=16222"}],"curies":[{"name":"wp","href":"https:\/\/api.w.org\/{rel}","templated":true}]}}