{"id":1867,"date":"2022-08-27T09:57:38","date_gmt":"2022-08-27T09:57:38","guid":{"rendered":"https:\/\/wordpress.iqonic.design\/product\/wp\/kidsjoy\/?page_id=1867"},"modified":"2026-02-10T12:54:39","modified_gmt":"2026-02-10T09:54:39","slug":"s-s-s","status":"publish","type":"page","link":"https:\/\/ozelbucurukanaokulu.com\/index.php\/s-s-s\/","title":{"rendered":"S\u0131k\u00e7a Sorulan Sorular"},"content":{"rendered":"\t\t<div data-elementor-type=\"wp-page\" data-elementor-id=\"1867\" class=\"elementor elementor-1867\">\n\t\t\t\t\t\t<div class=\"elementor-section elementor-top-section elementor-element elementor-element-fbe75c1 elementor-section-stretched elementor-section-boxed elementor-section-height-default elementor-section-height-default\" data-id=\"fbe75c1\" data-element_type=\"section\" data-e-type=\"section\" data-settings=\"{&quot;stretch_section&quot;:&quot;section-stretched&quot;}\">\n\t\t\t\t\t\t<div class=\"elementor-container elementor-column-gap-default\">\n\t\t\t\t\t<div class=\"elementor-column elementor-col-100 elementor-top-column elementor-element elementor-element-868a890\" data-id=\"868a890\" data-element_type=\"column\" data-e-type=\"column\">\n\t\t\t<div class=\"elementor-widget-wrap elementor-element-populated\">\n\t\t\t\t\t\t<div class=\"elementor-section elementor-inner-section elementor-element elementor-element-c1ad442 elementor-section-boxed elementor-section-height-default elementor-section-height-default\" data-id=\"c1ad442\" data-element_type=\"section\" data-e-type=\"section\">\n\t\t\t\t\t\t<div class=\"elementor-container elementor-column-gap-default\">\n\t\t\t\t\t<div class=\"elementor-column elementor-col-50 elementor-inner-column elementor-element elementor-element-861c05b\" data-id=\"861c05b\" data-element_type=\"column\" data-e-type=\"column\">\n\t\t\t<div class=\"elementor-widget-wrap elementor-element-populated\">\n\t\t\t\t\t\t<div class=\"hf-elementor-layout elementor-element elementor-element-0cdf3e9 elementor-widget elementor-widget-iqonic_accordion\" data-id=\"0cdf3e9\" data-element_type=\"widget\" data-e-type=\"widget\" data-widget_type=\"iqonic_accordion.default\">\n\t\t\t\t<div class=\"elementor-widget-container\">\n\t\t\t\t\t<div class=\"kidsjoy_style-accordion kidsjoy_style-accordion-square\">\n            <div class=\"kidsjoy_style-accordion-block kidsjoy_style-active\">\n            <div class=\"kidsjoy_style-accordion-title\">\n                <div class=\"kidsjoy_style-accordion-title-info\">\n                    <span class=\"kidsjoy_style-serial-number\">\n                                            <\/span>\n                                            <h5 class=\"accordion-title\">\n                            Hangi ya\u015f gruplar\u0131na e\u011fitim veriyorsunuz?                        <\/h5>\n                                    <\/div>\n                                    <div class=\"kidsjoy_style-icon-style kidsjoy_style-icon-right\">\n                        <span class=\"active\">\n                            <svg xmlns=\"http:\/\/www.w3.org\/2000\/svg\" width=\"38\" height=\"39\" viewBox=\"0 0 38 39\" fill=\"none\"><path d=\"M13.258 20.7839C17.1759 20.1486 21.0938 19.6544 25.047 19.2309C26.3177 19.0897 26.3177 17.1131 25.047 17.2543C20.9173 17.6778 16.8229 18.2073 12.7285 18.8779C11.4578 19.0897 11.9873 20.9957 13.258 20.7839Z\" fill=\"white\"><\/path><rect x=\"1.25\" y=\"1.49707\" width=\"35.5\" height=\"36.0533\" rx=\"17.75\" stroke=\"white\" stroke-width=\"1.5\"><\/rect><\/svg>                        <\/span><span class=\"inactive\">\n                            <svg xmlns=\"http:\/\/www.w3.org\/2000\/svg\" width=\"38\" height=\"38\" viewBox=\"0 0 38 38\" fill=\"none\"><path d=\"M17.2615 12.9347C17.8616 16.9232 18.1439 20.9471 18.2145 24.9709C18.2145 26.2416 20.2265 26.2416 20.1912 24.9709C20.1559 20.7353 19.8028 16.5703 19.1675 12.4053C18.991 11.1346 17.085 11.6641 17.2615 12.9347Z\" fill=\"#13293D\"><\/path><path d=\"M13.258 20.4636C17.1759 19.8283 21.0938 19.3341 25.047 18.9106C26.3177 18.7694 26.3177 16.7928 25.047 16.934C20.9173 17.3575 16.8229 17.887 12.7285 18.5576C11.4578 18.7694 11.9873 20.6754 13.258 20.4636Z\" fill=\"#13293D\"><\/path><rect x=\"1.25\" y=\"0.926758\" width=\"35.5\" height=\"35.7471\" rx=\"17.75\" stroke=\"#13293D\" stroke-width=\"1.5\"><\/rect><\/svg>                        <\/span>\n                    <\/div>\n                            <\/div>\n            <div class=\"kidsjoy_style-accordion-details\">\n                <p class=\"kidsjoy_style-content-text\"> B\u00fcc\u00fcr\u00fck Anaokulu\u2019nda 2\u20136 ya\u015f aras\u0131 \u00e7ocuklara hizmet vermekteyiz. S\u0131n\u0131flar\u0131m\u0131z ya\u015f ve geli\u015fim d\u00fczeylerine g\u00f6re 3\u20134, 4\u20135 ve 5\u20136 ya\u015f gruplar\u0131 olarak ayr\u0131lmaktad\u0131r. B\u00f6ylece her \u00e7ocuk kendi seviyesine uygun bir e\u011fitim al\u0131r. <\/p>\n            <\/div>\n        <\/div>\n            <div class=\"kidsjoy_style-accordion-block \">\n            <div class=\"kidsjoy_style-accordion-title\">\n                <div class=\"kidsjoy_style-accordion-title-info\">\n                    <span class=\"kidsjoy_style-serial-number\">\n                                            <\/span>\n                                            <h5 class=\"accordion-title\">\n                            E\u011fitim program\u0131n\u0131z\u0131n i\u00e7eri\u011fi nedir?                        <\/h5>\n                                    <\/div>\n                                    <div class=\"kidsjoy_style-icon-style kidsjoy_style-icon-right\">\n                        <span class=\"active\">\n                            <svg xmlns=\"http:\/\/www.w3.org\/2000\/svg\" width=\"38\" height=\"39\" viewBox=\"0 0 38 39\" fill=\"none\"><path d=\"M13.258 20.7839C17.1759 20.1486 21.0938 19.6544 25.047 19.2309C26.3177 19.0897 26.3177 17.1131 25.047 17.2543C20.9173 17.6778 16.8229 18.2073 12.7285 18.8779C11.4578 19.0897 11.9873 20.9957 13.258 20.7839Z\" fill=\"white\"><\/path><rect x=\"1.25\" y=\"1.49707\" width=\"35.5\" height=\"36.0533\" rx=\"17.75\" stroke=\"white\" stroke-width=\"1.5\"><\/rect><\/svg>                        <\/span><span class=\"inactive\">\n                            <svg xmlns=\"http:\/\/www.w3.org\/2000\/svg\" width=\"38\" height=\"38\" viewBox=\"0 0 38 38\" fill=\"none\"><path d=\"M17.2615 12.9347C17.8616 16.9232 18.1439 20.9471 18.2145 24.9709C18.2145 26.2416 20.2265 26.2416 20.1912 24.9709C20.1559 20.7353 19.8028 16.5703 19.1675 12.4053C18.991 11.1346 17.085 11.6641 17.2615 12.9347Z\" fill=\"#13293D\"><\/path><path d=\"M13.258 20.4636C17.1759 19.8283 21.0938 19.3341 25.047 18.9106C26.3177 18.7694 26.3177 16.7928 25.047 16.934C20.9173 17.3575 16.8229 17.887 12.7285 18.5576C11.4578 18.7694 11.9873 20.6754 13.258 20.4636Z\" fill=\"#13293D\"><\/path><rect x=\"1.25\" y=\"0.926758\" width=\"35.5\" height=\"35.7471\" rx=\"17.75\" stroke=\"#13293D\" stroke-width=\"1.5\"><\/rect><\/svg>                        <\/span>\n                    <\/div>\n                            <\/div>\n            <div class=\"kidsjoy_style-accordion-details\">\n                <p class=\"kidsjoy_style-content-text\"> Program\u0131m\u0131z oyun temelli \u00f6\u011frenme modeline dayan\u0131r. Sanat etkinlikleri, ak\u0131l oyunlar\u0131, m\u00fczik, drama, okula haz\u0131rl\u0131k \u00e7al\u0131\u015fmalar\u0131 ve sosyal geli\u015fim aktiviteleriyle \u00e7ocuklar\u0131m\u0131z\u0131n akademik, duygusal ve fiziksel geli\u015fimleri birlikte desteklenir. <\/p>\n            <\/div>\n        <\/div>\n            <div class=\"kidsjoy_style-accordion-block \">\n            <div class=\"kidsjoy_style-accordion-title\">\n                <div class=\"kidsjoy_style-accordion-title-info\">\n                    <span class=\"kidsjoy_style-serial-number\">\n                                            <\/span>\n                                            <h5 class=\"accordion-title\">\n                            Okulunuzda g\u00fcvenlik ve hijyen nas\u0131l sa\u011flan\u0131yor?                        <\/h5>\n                                    <\/div>\n                                    <div class=\"kidsjoy_style-icon-style kidsjoy_style-icon-right\">\n                        <span class=\"active\">\n                            <svg xmlns=\"http:\/\/www.w3.org\/2000\/svg\" width=\"38\" height=\"39\" viewBox=\"0 0 38 39\" fill=\"none\"><path d=\"M13.258 20.7839C17.1759 20.1486 21.0938 19.6544 25.047 19.2309C26.3177 19.0897 26.3177 17.1131 25.047 17.2543C20.9173 17.6778 16.8229 18.2073 12.7285 18.8779C11.4578 19.0897 11.9873 20.9957 13.258 20.7839Z\" fill=\"white\"><\/path><rect x=\"1.25\" y=\"1.49707\" width=\"35.5\" height=\"36.0533\" rx=\"17.75\" stroke=\"white\" stroke-width=\"1.5\"><\/rect><\/svg>                        <\/span><span class=\"inactive\">\n                            <svg xmlns=\"http:\/\/www.w3.org\/2000\/svg\" width=\"38\" height=\"38\" viewBox=\"0 0 38 38\" fill=\"none\"><path d=\"M17.2615 12.9347C17.8616 16.9232 18.1439 20.9471 18.2145 24.9709C18.2145 26.2416 20.2265 26.2416 20.1912 24.9709C20.1559 20.7353 19.8028 16.5703 19.1675 12.4053C18.991 11.1346 17.085 11.6641 17.2615 12.9347Z\" fill=\"#13293D\"><\/path><path d=\"M13.258 20.4636C17.1759 19.8283 21.0938 19.3341 25.047 18.9106C26.3177 18.7694 26.3177 16.7928 25.047 16.934C20.9173 17.3575 16.8229 17.887 12.7285 18.5576C11.4578 18.7694 11.9873 20.6754 13.258 20.4636Z\" fill=\"#13293D\"><\/path><rect x=\"1.25\" y=\"0.926758\" width=\"35.5\" height=\"35.7471\" rx=\"17.75\" stroke=\"#13293D\" stroke-width=\"1.5\"><\/rect><\/svg>                        <\/span>\n                    <\/div>\n                            <\/div>\n            <div class=\"kidsjoy_style-accordion-details\">\n                <p class=\"kidsjoy_style-content-text\"> Okulumuzda \u00e7ocuklar\u0131m\u0131z\u0131n g\u00fcvenli\u011fi \u00f6nceli\u011fimizdir. Kontroll\u00fc giri\u015f-\u00e7\u0131k\u0131\u015f sistemi uygulan\u0131r, s\u0131n\u0131flar\u0131m\u0131z d\u00fczenli olarak temizlenir ve hijyen kurallar\u0131na titizlikle uyulur. \u00d6\u011fretmenlerimiz g\u00fcn boyunca \u00e7ocuklarla birebir ilgilenir. <\/p>\n            <\/div>\n        <\/div>\n            <div class=\"kidsjoy_style-accordion-block \">\n            <div class=\"kidsjoy_style-accordion-title\">\n                <div class=\"kidsjoy_style-accordion-title-info\">\n                    <span class=\"kidsjoy_style-serial-number\">\n                                            <\/span>\n                                            <h5 class=\"accordion-title\">\n                            Ailelerle ileti\u015fim nas\u0131l sa\u011flan\u0131yor?                        <\/h5>\n                                    <\/div>\n                                    <div class=\"kidsjoy_style-icon-style kidsjoy_style-icon-right\">\n                        <span class=\"active\">\n                            <svg xmlns=\"http:\/\/www.w3.org\/2000\/svg\" width=\"38\" height=\"39\" viewBox=\"0 0 38 39\" fill=\"none\"><path d=\"M13.258 20.7839C17.1759 20.1486 21.0938 19.6544 25.047 19.2309C26.3177 19.0897 26.3177 17.1131 25.047 17.2543C20.9173 17.6778 16.8229 18.2073 12.7285 18.8779C11.4578 19.0897 11.9873 20.9957 13.258 20.7839Z\" fill=\"white\"><\/path><rect x=\"1.25\" y=\"1.49707\" width=\"35.5\" height=\"36.0533\" rx=\"17.75\" stroke=\"white\" stroke-width=\"1.5\"><\/rect><\/svg>                        <\/span><span class=\"inactive\">\n                            <svg xmlns=\"http:\/\/www.w3.org\/2000\/svg\" width=\"38\" height=\"38\" viewBox=\"0 0 38 38\" fill=\"none\"><path d=\"M17.2615 12.9347C17.8616 16.9232 18.1439 20.9471 18.2145 24.9709C18.2145 26.2416 20.2265 26.2416 20.1912 24.9709C20.1559 20.7353 19.8028 16.5703 19.1675 12.4053C18.991 11.1346 17.085 11.6641 17.2615 12.9347Z\" fill=\"#13293D\"><\/path><path d=\"M13.258 20.4636C17.1759 19.8283 21.0938 19.3341 25.047 18.9106C26.3177 18.7694 26.3177 16.7928 25.047 16.934C20.9173 17.3575 16.8229 17.887 12.7285 18.5576C11.4578 18.7694 11.9873 20.6754 13.258 20.4636Z\" fill=\"#13293D\"><\/path><rect x=\"1.25\" y=\"0.926758\" width=\"35.5\" height=\"35.7471\" rx=\"17.75\" stroke=\"#13293D\" stroke-width=\"1.5\"><\/rect><\/svg>                        <\/span>\n                    <\/div>\n                            <\/div>\n            <div class=\"kidsjoy_style-accordion-details\">\n                <p class=\"kidsjoy_style-content-text\"> Velilerimizle s\u00fcrekli ileti\u015fim halindeyiz. \u00c7ocuklar\u0131n geli\u015fimi d\u00fczenli olarak payla\u015f\u0131l\u0131r, \u00f6\u011fretmen-veli g\u00f6r\u00fc\u015fmeleri yap\u0131l\u0131r ve ihtiya\u00e7 duyuldu\u011funda her zaman geri bildirim sa\u011flan\u0131r. E\u011fitimi aile i\u015f birli\u011fiyle y\u00fcr\u00fctmeyi \u00f6nemsiyoruz. <\/p>\n            <\/div>\n        <\/div>\n    <\/div>\t\t\t\t<\/div>\n\t\t\t\t<\/div>\n\t\t\t\t\t<\/div>\n\t\t<\/div>\n\t\t\t\t<div class=\"elementor-column elementor-col-50 elementor-inner-column elementor-element elementor-element-10c3ed0\" data-id=\"10c3ed0\" data-element_type=\"column\" data-e-type=\"column\">\n\t\t\t<div class=\"elementor-widget-wrap elementor-element-populated\">\n\t\t\t\t\t\t<div class=\"hf-elementor-layout elementor-element elementor-element-12af595 elementor-widget elementor-widget-image\" data-id=\"12af595\" data-element_type=\"widget\" data-e-type=\"widget\" data-widget_type=\"image.default\">\n\t\t\t\t\t\t\t\t\t\t\t\t\t\t\t<img decoding=\"async\" src=\"https:\/\/ozelbucurukanaokulu.com\/wp-content\/uploads\/2026\/02\/WhatsApp-Image-2026-02-07-at-00.02.10-3.jpeg\" title=\"WhatsApp Image 2026-02-07 at 00.02.10 (3)\" alt=\"WhatsApp Image 2026-02-07 at 00.02.10 (3)\" loading=\"lazy\" \/>\t\t\t\t\t\t\t\t\t\t\t\t\t\t\t<\/div>\n\t\t\t\t\t<\/div>\n\t\t<\/div>\n\t\t\t\t\t<\/div>\n\t\t<\/div>\n\t\t\t\t\t<\/div>\n\t\t<\/div>\n\t\t\t\t\t<\/div>\n\t\t<\/div>\n\t\t\t\t<\/div>\n\t\t","protected":false},"excerpt":{"rendered":"<p>Hangi ya\u015f gruplar\u0131na e\u011fitim veriyorsunuz? B\u00fcc\u00fcr\u00fck Anaokulu\u2019nda 2\u20136 ya\u015f aras\u0131 \u00e7ocuklara hizmet vermekteyiz. S\u0131n\u0131flar\u0131m\u0131z ya\u015f ve geli\u015fim d\u00fczeylerine g\u00f6re 3\u20134, [&hellip;]<\/p>\n","protected":false},"author":1,"featured_media":0,"parent":0,"menu_order":0,"comment_status":"closed","ping_status":"closed","template":"","meta":{"_acf_changed":false,"footnotes":""},"class_list":["post-1867","page","type-page","status-publish","hentry","course-box"],"acf":[],"_links":{"self":[{"href":"https:\/\/ozelbucurukanaokulu.com\/index.php\/wp-json\/wp\/v2\/pages\/1867","targetHints":{"allow":["GET"]}}],"collection":[{"href":"https:\/\/ozelbucurukanaokulu.com\/index.php\/wp-json\/wp\/v2\/pages"}],"about":[{"href":"https:\/\/ozelbucurukanaokulu.com\/index.php\/wp-json\/wp\/v2\/types\/page"}],"author":[{"embeddable":true,"href":"https:\/\/ozelbucurukanaokulu.com\/index.php\/wp-json\/wp\/v2\/users\/1"}],"replies":[{"embeddable":true,"href":"https:\/\/ozelbucurukanaokulu.com\/index.php\/wp-json\/wp\/v2\/comments?post=1867"}],"version-history":[{"count":6,"href":"https:\/\/ozelbucurukanaokulu.com\/index.php\/wp-json\/wp\/v2\/pages\/1867\/revisions"}],"predecessor-version":[{"id":22303,"href":"https:\/\/ozelbucurukanaokulu.com\/index.php\/wp-json\/wp\/v2\/pages\/1867\/revisions\/22303"}],"wp:attachment":[{"href":"https:\/\/ozelbucurukanaokulu.com\/index.php\/wp-json\/wp\/v2\/media?parent=1867"}],"curies":[{"name":"wp","href":"https:\/\/api.w.org\/{rel}","templated":true}]}}