{"id":6201,"date":"2022-09-01T09:27:41","date_gmt":"2022-09-01T09:27:41","guid":{"rendered":"https:\/\/wordpress.iqonic.design\/product\/wp\/kidsjoy\/?page_id=6201"},"modified":"2026-02-10T12:53:05","modified_gmt":"2026-02-10T09:53:05","slug":"gizlilik-politikasi","status":"publish","type":"page","link":"https:\/\/ozelbucurukanaokulu.com\/index.php\/gizlilik-politikasi\/","title":{"rendered":"Gizlilik Politikas\u0131"},"content":{"rendered":"\t\t<div data-elementor-type=\"wp-page\" data-elementor-id=\"6201\" class=\"elementor elementor-6201\">\n\t\t\t\t\t\t<div class=\"elementor-section elementor-top-section elementor-element elementor-element-c4c29e4 elementor-section-stretched elementor-section-boxed elementor-section-height-default elementor-section-height-default\" data-id=\"c4c29e4\" data-element_type=\"section\" data-e-type=\"section\" data-settings=\"{&quot;stretch_section&quot;:&quot;section-stretched&quot;}\">\n\t\t\t\t\t\t<div class=\"elementor-container elementor-column-gap-default\">\n\t\t\t\t\t<div class=\"elementor-column elementor-col-100 elementor-top-column elementor-element elementor-element-daf52ef\" data-id=\"daf52ef\" data-element_type=\"column\" data-e-type=\"column\">\n\t\t\t<div class=\"elementor-widget-wrap elementor-element-populated\">\n\t\t\t\t\t\t<div class=\"elementor-section elementor-inner-section elementor-element elementor-element-7c151cc elementor-section-boxed elementor-section-height-default elementor-section-height-default\" data-id=\"7c151cc\" data-element_type=\"section\" data-e-type=\"section\">\n\t\t\t\t\t\t<div class=\"elementor-container elementor-column-gap-default\">\n\t\t\t\t\t<div class=\"elementor-column elementor-col-100 elementor-inner-column elementor-element elementor-element-9ef5fce\" data-id=\"9ef5fce\" data-element_type=\"column\" data-e-type=\"column\">\n\t\t\t<div class=\"elementor-widget-wrap elementor-element-populated\">\n\t\t\t\t\t\t<div class=\"hf-elementor-layout elementor-element elementor-element-eabb273 elementor-widget elementor-widget-text-editor\" data-id=\"eabb273\" data-element_type=\"widget\" data-e-type=\"widget\" data-widget_type=\"text-editor.default\">\n\t\t\t\t\t\t\t\t\t<h2 data-start=\"616\" data-end=\"670\"><strong data-start=\"619\" data-end=\"670\">B\u00fcc\u00fcr\u00fck Anaokulu Web Sitesi Gizlilik Politikas\u0131<\/strong><\/h2><p data-start=\"672\" data-end=\"891\">B\u00fcc\u00fcr\u00fck Anaokulu olarak, \u00f6\u011frencilerimiz, velilerimiz ve site ziyaret\u00e7ilerimizin gizlili\u011fine b\u00fcy\u00fck \u00f6nem veriyoruz. Bu gizlilik politikas\u0131, ki\u015fisel bilgilerinizin nas\u0131l topland\u0131\u011f\u0131n\u0131, kullan\u0131ld\u0131\u011f\u0131n\u0131 ve korundu\u011funu a\u00e7\u0131klar.<\/p><h2 data-start=\"898\" data-end=\"927\"><strong data-start=\"901\" data-end=\"925\">1. Toplanan Bilgiler<\/strong><\/h2><p data-start=\"928\" data-end=\"995\">Web sitemizi ziyaret etti\u011finizde a\u015fa\u011f\u0131daki bilgiler toplanabilir:<\/p><ul data-start=\"996\" data-end=\"1205\"><li data-start=\"996\" data-end=\"1078\"><p data-start=\"998\" data-end=\"1078\">\u0130leti\u015fim formu arac\u0131l\u0131\u011f\u0131yla verdi\u011finiz ad, soyad, e-posta ve telefon bilgileri<\/p><\/li><li data-start=\"1079\" data-end=\"1148\"><p data-start=\"1081\" data-end=\"1148\">Site kullan\u0131m verileri (ziyaret edilen sayfalar, tarih, saat vb.)<\/p><\/li><li data-start=\"1149\" data-end=\"1205\"><p data-start=\"1151\" data-end=\"1205\">\u00c7erezler ve benzeri teknoloji ile elde edilen bilgiler<\/p><\/li><\/ul><h2 data-start=\"1212\" data-end=\"1244\"><strong data-start=\"1215\" data-end=\"1242\">2. Bilgilerin Kullan\u0131m\u0131<\/strong><\/h2><p data-start=\"1245\" data-end=\"1310\">Toplanan bilgiler yaln\u0131zca a\u015fa\u011f\u0131daki ama\u00e7larla kullan\u0131lacakt\u0131r:<\/p><ul data-start=\"1311\" data-end=\"1473\"><li data-start=\"1311\" data-end=\"1362\"><p data-start=\"1313\" data-end=\"1362\">Soru, \u00f6neri ve kay\u0131t taleplerinize yan\u0131t vermek<\/p><\/li><li data-start=\"1363\" data-end=\"1430\"><p data-start=\"1365\" data-end=\"1430\">Hizmetlerimizi geli\u015ftirmek ve kullan\u0131c\u0131 deneyimini iyile\u015ftirmek<\/p><\/li><li data-start=\"1431\" data-end=\"1473\"><p data-start=\"1433\" data-end=\"1473\">Yasal y\u00fck\u00fcml\u00fcl\u00fcklerin yerine getirilmesi<\/p><\/li><\/ul><h2 data-start=\"1480\" data-end=\"1512\"><strong data-start=\"1483\" data-end=\"1510\">3. Bilgilerin Payla\u015f\u0131m\u0131<\/strong><\/h2><p data-start=\"1513\" data-end=\"1614\">Ki\u015fisel bilgileriniz \u00fc\u00e7\u00fcnc\u00fc taraflarla payla\u015f\u0131lmaz; yaln\u0131zca a\u015fa\u011f\u0131daki durumlarda istisna olabilir:<\/p><ul data-start=\"1615\" data-end=\"1736\"><li data-start=\"1615\" data-end=\"1658\"><p data-start=\"1617\" data-end=\"1658\">Yasal zorunluluklar veya mahkeme karar\u0131<\/p><\/li><li data-start=\"1659\" data-end=\"1736\"><p data-start=\"1661\" data-end=\"1736\">Hizmet sa\u011flay\u0131c\u0131lar\u0131m\u0131z ile yaln\u0131zca hizmetin y\u00fcr\u00fct\u00fclmesi amac\u0131yla payla\u015f\u0131m<\/p><\/li><\/ul><h2 data-start=\"1743\" data-end=\"1770\"><strong data-start=\"1746\" data-end=\"1768\">4. Bilgi G\u00fcvenli\u011fi<\/strong><\/h2><p data-start=\"1771\" data-end=\"1919\">Ki\u015fisel verilerinizin g\u00fcvenli\u011fini sa\u011flamak i\u00e7in uygun teknik ve idari tedbirler al\u0131nmaktad\u0131r. Eri\u015fim yetkisi yaln\u0131zca yetkili personelle s\u0131n\u0131rl\u0131d\u0131r.<\/p><h2 data-start=\"1926\" data-end=\"1956\"><strong data-start=\"1929\" data-end=\"1954\">5. \u00c7erezler (Cookies)<\/strong><\/h2><p data-start=\"1957\" data-end=\"2126\">Web sitemiz, kullan\u0131c\u0131 deneyimini geli\u015ftirmek i\u00e7in \u00e7erezler kullanabilir. \u00c7erezler taray\u0131c\u0131n\u0131zda depolan\u0131r ve sadece site kullan\u0131m analizi i\u00e7in anonim olarak kullan\u0131l\u0131r.<\/p><h2 data-start=\"2133\" data-end=\"2155\"><strong data-start=\"2136\" data-end=\"2153\">6. Haklar\u0131n\u0131z<\/strong><\/h2><p data-start=\"2156\" data-end=\"2316\">KVKK ve GDPR kapsam\u0131nda; ki\u015fisel verilerinize eri\u015fim, d\u00fczeltme, silme ve i\u015fleme itiraz etme hakk\u0131n\u0131z vard\u0131r. Talepleriniz i\u00e7in bizimle ileti\u015fime ge\u00e7ebilirsiniz.<\/p><h2 data-start=\"2323\" data-end=\"2343\"><strong data-start=\"2326\" data-end=\"2341\">7. \u0130leti\u015fim<\/strong><\/h2><p data-start=\"2344\" data-end=\"2529\">Gizlilik politikam\u0131z veya ki\u015fisel verilerinizle ilgili sorular\u0131n\u0131z i\u00e7in bizimle ileti\u015fime ge\u00e7ebilirsiniz:<br data-start=\"2449\" data-end=\"2452\" \/><strong data-start=\"2455\" data-end=\"2467\">E-posta:<\/strong> <a class=\"decorated-link cursor-pointer\" rel=\"noopener\" data-start=\"2468\" data-end=\"2491\">info@bucurukanakolu.com<\/a><br data-start=\"2491\" data-end=\"2494\" \/><strong data-start=\"2497\" data-end=\"2509\">Telefon:<\/strong> +90 (536) 826 04 70<\/p>\t\t\t\t\t\t\t\t<\/div>\n\t\t\t\t\t<\/div>\n\t\t<\/div>\n\t\t\t\t\t<\/div>\n\t\t<\/div>\n\t\t\t\t\t<\/div>\n\t\t<\/div>\n\t\t\t\t\t<\/div>\n\t\t<\/div>\n\t\t\t\t<\/div>\n\t\t","protected":false},"excerpt":{"rendered":"<p>B\u00fcc\u00fcr\u00fck Anaokulu Web Sitesi Gizlilik Politikas\u0131 B\u00fcc\u00fcr\u00fck Anaokulu olarak, \u00f6\u011frencilerimiz, velilerimiz ve site ziyaret\u00e7ilerimizin gizlili\u011fine b\u00fcy\u00fck \u00f6nem veriyoruz. Bu gizlilik [&hellip;]<\/p>\n","protected":false},"author":1,"featured_media":0,"parent":0,"menu_order":0,"comment_status":"closed","ping_status":"closed","template":"","meta":{"_acf_changed":false,"footnotes":""},"class_list":["post-6201","page","type-page","status-publish","hentry","course-box"],"acf":[],"_links":{"self":[{"href":"https:\/\/ozelbucurukanaokulu.com\/index.php\/wp-json\/wp\/v2\/pages\/6201","targetHints":{"allow":["GET"]}}],"collection":[{"href":"https:\/\/ozelbucurukanaokulu.com\/index.php\/wp-json\/wp\/v2\/pages"}],"about":[{"href":"https:\/\/ozelbucurukanaokulu.com\/index.php\/wp-json\/wp\/v2\/types\/page"}],"author":[{"embeddable":true,"href":"https:\/\/ozelbucurukanaokulu.com\/index.php\/wp-json\/wp\/v2\/users\/1"}],"replies":[{"embeddable":true,"href":"https:\/\/ozelbucurukanaokulu.com\/index.php\/wp-json\/wp\/v2\/comments?post=6201"}],"version-history":[{"count":5,"href":"https:\/\/ozelbucurukanaokulu.com\/index.php\/wp-json\/wp\/v2\/pages\/6201\/revisions"}],"predecessor-version":[{"id":22299,"href":"https:\/\/ozelbucurukanaokulu.com\/index.php\/wp-json\/wp\/v2\/pages\/6201\/revisions\/22299"}],"wp:attachment":[{"href":"https:\/\/ozelbucurukanaokulu.com\/index.php\/wp-json\/wp\/v2\/media?parent=6201"}],"curies":[{"name":"wp","href":"https:\/\/api.w.org\/{rel}","templated":true}]}}